{"id":3086,"date":"2023-01-16T23:14:48","date_gmt":"2023-01-16T22:14:48","guid":{"rendered":"https:\/\/uczelniakorczaka.pl\/ckp\/?page_id=3086"},"modified":"2024-05-22T14:32:30","modified_gmt":"2024-05-22T12:32:30","slug":"programy-mba-master-of-business-administration","status":"publish","type":"page","link":"https:\/\/uczelniakorczaka.pl\/ckp\/programy-mba-master-of-business-administration\/","title":{"rendered":"Programy MBA \u2013 Master of Business Administration"},"content":{"rendered":"<p>Programy MBA realizowane przez Uczelni\u0119 Korczaka to studia dla os\u00f3b poszukuj\u0105cych inspiracji i szans rozwoju zawodowego oraz poszerzenia swoich horyzont\u00f3w.<\/p>\n","protected":false},"excerpt":{"rendered":"<p>Programy MBA realizowane przez Uczelni\u0119 Korczaka to studia dla os\u00f3b poszukuj\u0105cych inspiracji i szans rozwoju zawodowego oraz poszerzenia swoich horyzont\u00f3w.<\/p>\n","protected":false},"author":15,"featured_media":0,"parent":0,"menu_order":0,"comment_status":"closed","ping_status":"closed","template":"page-mba.php","meta":{"footnotes":""},"class_list":["post-3086","page","type-page","status-publish","hentry"],"yoast_head":"<!-- This site is optimized with the Yoast SEO plugin v25.7 - https:\/\/yoast.com\/wordpress\/plugins\/seo\/ -->\n<title>Programy MBA \u2013 Master of Business Administration - Uczelnia Korczaka<\/title>\n<meta name=\"robots\" content=\"index, follow, max-snippet:-1, max-image-preview:large, max-video-preview:-1\" \/>\n<link rel=\"canonical\" href=\"https:\/\/uczelniakorczaka.pl\/ckp\/programy-mba-master-of-business-administration\/\" \/>\n<meta property=\"og:locale\" content=\"pl_PL\" \/>\n<meta property=\"og:type\" content=\"article\" \/>\n<meta property=\"og:title\" content=\"Programy MBA \u2013 Master of Business Administration - Uczelnia Korczaka\" \/>\n<meta property=\"og:description\" content=\"Programy MBA realizowane przez Uczelni\u0119 Korczaka to studia dla os\u00f3b poszukuj\u0105cych inspiracji i szans rozwoju zawodowego oraz poszerzenia swoich horyzont\u00f3w.\" \/>\n<meta property=\"og:url\" content=\"https:\/\/uczelniakorczaka.pl\/ckp\/programy-mba-master-of-business-administration\/\" \/>\n<meta property=\"og:site_name\" content=\"Uczelnia Korczaka\" \/>\n<meta property=\"article:modified_time\" content=\"2024-05-22T12:32:30+00:00\" \/>\n<meta name=\"twitter:card\" content=\"summary_large_image\" \/>\n<script type=\"application\/ld+json\" class=\"yoast-schema-graph\">{\"@context\":\"https:\/\/schema.org\",\"@graph\":[{\"@type\":\"WebPage\",\"@id\":\"https:\/\/uczelniakorczaka.pl\/ckp\/programy-mba-master-of-business-administration\/\",\"url\":\"https:\/\/uczelniakorczaka.pl\/ckp\/programy-mba-master-of-business-administration\/\",\"name\":\"Programy MBA \u2013 Master of Business Administration - Uczelnia Korczaka\",\"isPartOf\":{\"@id\":\"https:\/\/uczelniakorczaka.pl\/ckp\/#website\"},\"datePublished\":\"2023-01-16T22:14:48+00:00\",\"dateModified\":\"2024-05-22T12:32:30+00:00\",\"breadcrumb\":{\"@id\":\"https:\/\/uczelniakorczaka.pl\/ckp\/programy-mba-master-of-business-administration\/#breadcrumb\"},\"inLanguage\":\"pl-PL\",\"potentialAction\":[{\"@type\":\"ReadAction\",\"target\":[\"https:\/\/uczelniakorczaka.pl\/ckp\/programy-mba-master-of-business-administration\/\"]}]},{\"@type\":\"BreadcrumbList\",\"@id\":\"https:\/\/uczelniakorczaka.pl\/ckp\/programy-mba-master-of-business-administration\/#breadcrumb\",\"itemListElement\":[{\"@type\":\"ListItem\",\"position\":1,\"name\":\"Strona g\u0142\u00f3wna\",\"item\":\"https:\/\/uczelniakorczaka.pl\/ckp\/\"},{\"@type\":\"ListItem\",\"position\":2,\"name\":\"Programy MBA \u2013 Master of Business Administration\"}]},{\"@type\":\"WebSite\",\"@id\":\"https:\/\/uczelniakorczaka.pl\/ckp\/#website\",\"url\":\"https:\/\/uczelniakorczaka.pl\/ckp\/\",\"name\":\"Uczelnia Korczaka\",\"description\":\"\",\"publisher\":{\"@id\":\"https:\/\/uczelniakorczaka.pl\/ckp\/#organization\"},\"potentialAction\":[{\"@type\":\"SearchAction\",\"target\":{\"@type\":\"EntryPoint\",\"urlTemplate\":\"https:\/\/uczelniakorczaka.pl\/ckp\/?s={search_term_string}\"},\"query-input\":{\"@type\":\"PropertyValueSpecification\",\"valueRequired\":true,\"valueName\":\"search_term_string\"}}],\"inLanguage\":\"pl-PL\"},{\"@type\":\"Organization\",\"@id\":\"https:\/\/uczelniakorczaka.pl\/ckp\/#organization\",\"name\":\"Uczelnia Korczaka\",\"url\":\"https:\/\/uczelniakorczaka.pl\/ckp\/\",\"logo\":{\"@type\":\"ImageObject\",\"inLanguage\":\"pl-PL\",\"@id\":\"https:\/\/uczelniakorczaka.pl\/ckp\/#\/schema\/logo\/image\/\",\"url\":\"https:\/\/uczelniakorczaka.pl\/ckp\/wp-content\/uploads\/2020\/02\/logo.png\",\"contentUrl\":\"https:\/\/uczelniakorczaka.pl\/ckp\/wp-content\/uploads\/2020\/02\/logo.png\",\"width\":223,\"height\":53,\"caption\":\"Uczelnia Korczaka\"},\"image\":{\"@id\":\"https:\/\/uczelniakorczaka.pl\/ckp\/#\/schema\/logo\/image\/\"}}]}<\/script>\n<!-- \/ Yoast SEO plugin. -->","yoast_head_json":{"title":"Programy MBA \u2013 Master of Business Administration - Uczelnia Korczaka","robots":{"index":"index","follow":"follow","max-snippet":"max-snippet:-1","max-image-preview":"max-image-preview:large","max-video-preview":"max-video-preview:-1"},"canonical":"https:\/\/uczelniakorczaka.pl\/ckp\/programy-mba-master-of-business-administration\/","og_locale":"pl_PL","og_type":"article","og_title":"Programy MBA \u2013 Master of Business Administration - Uczelnia Korczaka","og_description":"Programy MBA realizowane przez Uczelni\u0119 Korczaka to studia dla os\u00f3b poszukuj\u0105cych inspiracji i szans rozwoju zawodowego oraz poszerzenia swoich horyzont\u00f3w.","og_url":"https:\/\/uczelniakorczaka.pl\/ckp\/programy-mba-master-of-business-administration\/","og_site_name":"Uczelnia Korczaka","article_modified_time":"2024-05-22T12:32:30+00:00","twitter_card":"summary_large_image","schema":{"@context":"https:\/\/schema.org","@graph":[{"@type":"WebPage","@id":"https:\/\/uczelniakorczaka.pl\/ckp\/programy-mba-master-of-business-administration\/","url":"https:\/\/uczelniakorczaka.pl\/ckp\/programy-mba-master-of-business-administration\/","name":"Programy MBA \u2013 Master of Business Administration - Uczelnia Korczaka","isPartOf":{"@id":"https:\/\/uczelniakorczaka.pl\/ckp\/#website"},"datePublished":"2023-01-16T22:14:48+00:00","dateModified":"2024-05-22T12:32:30+00:00","breadcrumb":{"@id":"https:\/\/uczelniakorczaka.pl\/ckp\/programy-mba-master-of-business-administration\/#breadcrumb"},"inLanguage":"pl-PL","potentialAction":[{"@type":"ReadAction","target":["https:\/\/uczelniakorczaka.pl\/ckp\/programy-mba-master-of-business-administration\/"]}]},{"@type":"BreadcrumbList","@id":"https:\/\/uczelniakorczaka.pl\/ckp\/programy-mba-master-of-business-administration\/#breadcrumb","itemListElement":[{"@type":"ListItem","position":1,"name":"Strona g\u0142\u00f3wna","item":"https:\/\/uczelniakorczaka.pl\/ckp\/"},{"@type":"ListItem","position":2,"name":"Programy MBA \u2013 Master of Business Administration"}]},{"@type":"WebSite","@id":"https:\/\/uczelniakorczaka.pl\/ckp\/#website","url":"https:\/\/uczelniakorczaka.pl\/ckp\/","name":"Uczelnia Korczaka","description":"","publisher":{"@id":"https:\/\/uczelniakorczaka.pl\/ckp\/#organization"},"potentialAction":[{"@type":"SearchAction","target":{"@type":"EntryPoint","urlTemplate":"https:\/\/uczelniakorczaka.pl\/ckp\/?s={search_term_string}"},"query-input":{"@type":"PropertyValueSpecification","valueRequired":true,"valueName":"search_term_string"}}],"inLanguage":"pl-PL"},{"@type":"Organization","@id":"https:\/\/uczelniakorczaka.pl\/ckp\/#organization","name":"Uczelnia Korczaka","url":"https:\/\/uczelniakorczaka.pl\/ckp\/","logo":{"@type":"ImageObject","inLanguage":"pl-PL","@id":"https:\/\/uczelniakorczaka.pl\/ckp\/#\/schema\/logo\/image\/","url":"https:\/\/uczelniakorczaka.pl\/ckp\/wp-content\/uploads\/2020\/02\/logo.png","contentUrl":"https:\/\/uczelniakorczaka.pl\/ckp\/wp-content\/uploads\/2020\/02\/logo.png","width":223,"height":53,"caption":"Uczelnia Korczaka"},"image":{"@id":"https:\/\/uczelniakorczaka.pl\/ckp\/#\/schema\/logo\/image\/"}}]}},"_links":{"self":[{"href":"https:\/\/uczelniakorczaka.pl\/ckp\/wp-json\/wp\/v2\/pages\/3086","targetHints":{"allow":["GET"]}}],"collection":[{"href":"https:\/\/uczelniakorczaka.pl\/ckp\/wp-json\/wp\/v2\/pages"}],"about":[{"href":"https:\/\/uczelniakorczaka.pl\/ckp\/wp-json\/wp\/v2\/types\/page"}],"author":[{"embeddable":true,"href":"https:\/\/uczelniakorczaka.pl\/ckp\/wp-json\/wp\/v2\/users\/15"}],"replies":[{"embeddable":true,"href":"https:\/\/uczelniakorczaka.pl\/ckp\/wp-json\/wp\/v2\/comments?post=3086"}],"version-history":[{"count":10,"href":"https:\/\/uczelniakorczaka.pl\/ckp\/wp-json\/wp\/v2\/pages\/3086\/revisions"}],"predecessor-version":[{"id":3565,"href":"https:\/\/uczelniakorczaka.pl\/ckp\/wp-json\/wp\/v2\/pages\/3086\/revisions\/3565"}],"wp:attachment":[{"href":"https:\/\/uczelniakorczaka.pl\/ckp\/wp-json\/wp\/v2\/media?parent=3086"}],"curies":[{"name":"wp","href":"https:\/\/api.w.org\/{rel}","templated":true}]}}